{"id":1017,"date":"2018-08-07T16:45:50","date_gmt":"2018-08-07T14:45:50","guid":{"rendered":"https:\/\/icosolutions.com\/nos-clients\/"},"modified":"2018-11-05T16:08:04","modified_gmt":"2018-11-05T21:08:04","slug":"our-clients","status":"publish","type":"page","link":"https:\/\/icosolutions.com\/en\/our-clients\/","title":{"rendered":"Our clients"},"content":{"rendered":"<p>Au fil des ans, ICO Technologies a d\u00e9velopp\u00e9 et commercialis\u00e9 des solutions logicielles pour plus de 500 clients dans les secteurs de l\u2019urgence, de la s\u00e9curit\u00e9 et de la gestion.<\/p>\r\n<p>En plus de sa grande expertise en d\u00e9veloppement d\u2019applications, l\u2019entreprise compte plus de 15 ans d\u2019exp\u00e9rience en gestion et en implantation de projets complexes, dont les volets planification, gestion des r\u00e9alisations, plans de pilotage et d\u2019implantation, gestion du changement, soutien aux utilisateurs et service apr\u00e8s-vente.<\/p>\r\n<p>ICO technologies offre des logiciels r\u00e9pondant aux exigences des secteurs de l\u2019urgence, de la s\u00e9curit\u00e9 et la gestion, dans les march\u00e9s municipaux, gouvernementaux, institutionnels et entreprises priv\u00e9es. Dans chaque secteur d\u2019activit\u00e9s, ICO Technologies est fi\u00e8re de servir une client\u00e8le vari\u00e9e et prestigieuse.<\/p>\r\n<ul>\r\n\t<li>Ville de Montr\u00e9al<\/li>\r\n\t<li>Ville de Qu\u00e9bec<\/li>\r\n\t<li>Ville de Gatineau<\/li>\r\n\t<li>City of Edmonton<\/li>\r\n\t<li>Ville de Longueuil<\/li>\r\n\t<li>Ville de Blainville<\/li>\r\n\t<li>Ville de Sherbrooke<\/li>\r\n\t<li>Ville de L\u00e9vis<\/li>\r\n\t<li>City of Cornwall<\/li>\r\n\t<li>City of Edmundston<\/li>\r\n\t<li>Ville de Terrebonne<\/li>\r\n\t<li>Ville de Granby<\/li>\r\n\t<li>Ville de Shawinigan<\/li>\r\n\t<li>City of London<\/li>\r\n\t<li>Ville de Trois-Rivi\u00e8res<\/li>\r\n\t<li>MRC d\u2019Argenteuil<\/li>\r\n\t<li>Ville de Mirabel<\/li>\r\n\t<li>Ville de Brossard<\/li>\r\n\t<li>Ville de Mirabel<\/li>\r\n\t<li>Ville de Baie-Comeau<\/li>\r\n\t<li>Ville d\u2019Alma<\/li>\r\n\t<li>Retraite Qu\u00e9bec<\/li>\r\n\t<li>Soci\u00e9t\u00e9 qu\u00e9b\u00e9coise des infrastructures<\/li>\r\n\t<li>Justice Qu\u00e9bec<\/li>\r\n\t<li>MDDELCC<\/li>\r\n\t<li>MTESS<\/li>\r\n\t<li>H\u00f4pital Montfort<\/li>\r\n\t<li>Universit\u00e9 de Montr\u00e9al<\/li>\r\n\t<li>UQAM<\/li>\r\n\t<li>STM<\/li>\r\n\t<li>ARM<\/li>\r\n\t<li>Molson Coors<\/li>\r\n\t<li>Rio Tinto<\/li>\r\n\t<li>M\u00e9tro<\/li>\r\n\t<li>Parc Jean-Drapeau<\/li>\r\n<\/ul>","protected":false},"excerpt":{"rendered":"<p>Au fil des ans, ICO Technologies a d\u00e9velopp\u00e9 et commercialis\u00e9 des solutions logicielles pour plus de 500 clients dans les secteurs de l\u2019urgence, de la s\u00e9curit\u00e9 et de la gestion. En plus de sa grande expertise en d\u00e9veloppement d\u2019applications, l\u2019entreprise compte plus de 15 ans d\u2019exp\u00e9rience en gestion et en implantation de projets complexes, dont [&hellip;]<\/p>\n","protected":false},"author":1,"featured_media":1836,"parent":0,"menu_order":0,"comment_status":"closed","ping_status":"closed","template":"template_zones.php","meta":{"_acf_changed":false,"footnotes":""},"class_list":["post-1017","page","type-page","status-publish","has-post-thumbnail","hentry"],"acf":[],"yoast_head":"<!-- This site is optimized with the Yoast SEO plugin v27.4 - https:\/\/yoast.com\/product\/yoast-seo-wordpress\/ -->\n<title>Our Client - ICO Technologies (Emergency, Security, Management &amp; HR)<\/title>\n<meta name=\"description\" content=\"Over the years, ICO Technologies has pioneered, developed and marketed software solutions for 700 clients in the areas of Emergency, Security &amp; Management.\" \/>\n<meta name=\"robots\" content=\"index, follow, max-snippet:-1, max-image-preview:large, max-video-preview:-1\" \/>\n<link rel=\"canonical\" href=\"https:\/\/icosolutions.com\/en\/our-clients\/\" \/>\n<meta property=\"og:locale\" content=\"en_US\" \/>\n<meta property=\"og:type\" content=\"article\" \/>\n<meta property=\"og:title\" content=\"Our Client - ICO Technologies (Emergency, Security, Management &amp; HR)\" \/>\n<meta property=\"og:description\" content=\"Over the years, ICO Technologies has pioneered, developed and marketed software solutions for 700 clients in the areas of Emergency, Security &amp; Management.\" \/>\n<meta property=\"og:url\" content=\"https:\/\/icosolutions.com\/en\/our-clients\/\" \/>\n<meta property=\"og:site_name\" content=\"ICO Technologies inc.\" \/>\n<meta property=\"article:modified_time\" content=\"2018-11-05T21:08:04+00:00\" \/>\n<meta property=\"og:image\" content=\"https:\/\/icosolutions.com\/wp-content\/uploads\/2018\/09\/clients2-2.jpg\" \/>\n\t<meta property=\"og:image:width\" content=\"2000\" \/>\n\t<meta property=\"og:image:height\" content=\"437\" \/>\n\t<meta property=\"og:image:type\" content=\"image\/jpeg\" \/>\n<meta name=\"twitter:card\" content=\"summary_large_image\" \/>\n<meta name=\"twitter:label1\" content=\"Est. reading time\" \/>\n\t<meta name=\"twitter:data1\" content=\"1 minute\" \/>\n<script type=\"application\/ld+json\" class=\"yoast-schema-graph\">{\"@context\":\"https:\\\/\\\/schema.org\",\"@graph\":[{\"@type\":\"WebPage\",\"@id\":\"https:\\\/\\\/icosolutions.com\\\/en\\\/our-clients\\\/\",\"url\":\"https:\\\/\\\/icosolutions.com\\\/en\\\/our-clients\\\/\",\"name\":\"Our Client - ICO Technologies (Emergency, Security, Management & HR)\",\"isPartOf\":{\"@id\":\"https:\\\/\\\/icosolutions.com\\\/#website\"},\"primaryImageOfPage\":{\"@id\":\"https:\\\/\\\/icosolutions.com\\\/en\\\/our-clients\\\/#primaryimage\"},\"image\":{\"@id\":\"https:\\\/\\\/icosolutions.com\\\/en\\\/our-clients\\\/#primaryimage\"},\"thumbnailUrl\":\"https:\\\/\\\/icosolutions.com\\\/wp-content\\\/uploads\\\/2018\\\/09\\\/clients2-2.jpg\",\"datePublished\":\"2018-08-07T14:45:50+00:00\",\"dateModified\":\"2018-11-05T21:08:04+00:00\",\"description\":\"Over the years, ICO Technologies has pioneered, developed and marketed software solutions for 700 clients in the areas of Emergency, Security & Management.\",\"breadcrumb\":{\"@id\":\"https:\\\/\\\/icosolutions.com\\\/en\\\/our-clients\\\/#breadcrumb\"},\"inLanguage\":\"en-US\",\"potentialAction\":[{\"@type\":\"ReadAction\",\"target\":[\"https:\\\/\\\/icosolutions.com\\\/en\\\/our-clients\\\/\"]}]},{\"@type\":\"ImageObject\",\"inLanguage\":\"en-US\",\"@id\":\"https:\\\/\\\/icosolutions.com\\\/en\\\/our-clients\\\/#primaryimage\",\"url\":\"https:\\\/\\\/icosolutions.com\\\/wp-content\\\/uploads\\\/2018\\\/09\\\/clients2-2.jpg\",\"contentUrl\":\"https:\\\/\\\/icosolutions.com\\\/wp-content\\\/uploads\\\/2018\\\/09\\\/clients2-2.jpg\",\"width\":2000,\"height\":437,\"caption\":\"Smiling colleagues greet each other with handshakes. Corporate coworkers meeting or closing deal. Executive shaking hands with employee. Team members greeting and introducing before briefing starts.\"},{\"@type\":\"BreadcrumbList\",\"@id\":\"https:\\\/\\\/icosolutions.com\\\/en\\\/our-clients\\\/#breadcrumb\",\"itemListElement\":[{\"@type\":\"ListItem\",\"position\":1,\"name\":\"Accueil\",\"item\":\"https:\\\/\\\/icosolutions.com\\\/en\\\/\"},{\"@type\":\"ListItem\",\"position\":2,\"name\":\"Our clients\"}]},{\"@type\":\"WebSite\",\"@id\":\"https:\\\/\\\/icosolutions.com\\\/#website\",\"url\":\"https:\\\/\\\/icosolutions.com\\\/\",\"name\":\"ICO Technologies inc.\",\"description\":\"Un site utilisant WordPress\",\"potentialAction\":[{\"@type\":\"SearchAction\",\"target\":{\"@type\":\"EntryPoint\",\"urlTemplate\":\"https:\\\/\\\/icosolutions.com\\\/?s={search_term_string}\"},\"query-input\":{\"@type\":\"PropertyValueSpecification\",\"valueRequired\":true,\"valueName\":\"search_term_string\"}}],\"inLanguage\":\"en-US\"}]}<\/script>\n<!-- \/ Yoast SEO plugin. -->","yoast_head_json":{"title":"Our Client - ICO Technologies (Emergency, Security, Management & HR)","description":"Over the years, ICO Technologies has pioneered, developed and marketed software solutions for 700 clients in the areas of Emergency, Security & Management.","robots":{"index":"index","follow":"follow","max-snippet":"max-snippet:-1","max-image-preview":"max-image-preview:large","max-video-preview":"max-video-preview:-1"},"canonical":"https:\/\/icosolutions.com\/en\/our-clients\/","og_locale":"en_US","og_type":"article","og_title":"Our Client - ICO Technologies (Emergency, Security, Management & HR)","og_description":"Over the years, ICO Technologies has pioneered, developed and marketed software solutions for 700 clients in the areas of Emergency, Security & Management.","og_url":"https:\/\/icosolutions.com\/en\/our-clients\/","og_site_name":"ICO Technologies inc.","article_modified_time":"2018-11-05T21:08:04+00:00","og_image":[{"width":2000,"height":437,"url":"https:\/\/icosolutions.com\/wp-content\/uploads\/2018\/09\/clients2-2.jpg","type":"image\/jpeg"}],"twitter_card":"summary_large_image","twitter_misc":{"Est. reading time":"1 minute"},"schema":{"@context":"https:\/\/schema.org","@graph":[{"@type":"WebPage","@id":"https:\/\/icosolutions.com\/en\/our-clients\/","url":"https:\/\/icosolutions.com\/en\/our-clients\/","name":"Our Client - ICO Technologies (Emergency, Security, Management & HR)","isPartOf":{"@id":"https:\/\/icosolutions.com\/#website"},"primaryImageOfPage":{"@id":"https:\/\/icosolutions.com\/en\/our-clients\/#primaryimage"},"image":{"@id":"https:\/\/icosolutions.com\/en\/our-clients\/#primaryimage"},"thumbnailUrl":"https:\/\/icosolutions.com\/wp-content\/uploads\/2018\/09\/clients2-2.jpg","datePublished":"2018-08-07T14:45:50+00:00","dateModified":"2018-11-05T21:08:04+00:00","description":"Over the years, ICO Technologies has pioneered, developed and marketed software solutions for 700 clients in the areas of Emergency, Security & Management.","breadcrumb":{"@id":"https:\/\/icosolutions.com\/en\/our-clients\/#breadcrumb"},"inLanguage":"en-US","potentialAction":[{"@type":"ReadAction","target":["https:\/\/icosolutions.com\/en\/our-clients\/"]}]},{"@type":"ImageObject","inLanguage":"en-US","@id":"https:\/\/icosolutions.com\/en\/our-clients\/#primaryimage","url":"https:\/\/icosolutions.com\/wp-content\/uploads\/2018\/09\/clients2-2.jpg","contentUrl":"https:\/\/icosolutions.com\/wp-content\/uploads\/2018\/09\/clients2-2.jpg","width":2000,"height":437,"caption":"Smiling colleagues greet each other with handshakes. Corporate coworkers meeting or closing deal. Executive shaking hands with employee. Team members greeting and introducing before briefing starts."},{"@type":"BreadcrumbList","@id":"https:\/\/icosolutions.com\/en\/our-clients\/#breadcrumb","itemListElement":[{"@type":"ListItem","position":1,"name":"Accueil","item":"https:\/\/icosolutions.com\/en\/"},{"@type":"ListItem","position":2,"name":"Our clients"}]},{"@type":"WebSite","@id":"https:\/\/icosolutions.com\/#website","url":"https:\/\/icosolutions.com\/","name":"ICO Technologies inc.","description":"Un site utilisant WordPress","potentialAction":[{"@type":"SearchAction","target":{"@type":"EntryPoint","urlTemplate":"https:\/\/icosolutions.com\/?s={search_term_string}"},"query-input":{"@type":"PropertyValueSpecification","valueRequired":true,"valueName":"search_term_string"}}],"inLanguage":"en-US"}]}},"_links":{"self":[{"href":"https:\/\/icosolutions.com\/en\/wp-json\/wp\/v2\/pages\/1017","targetHints":{"allow":["GET"]}}],"collection":[{"href":"https:\/\/icosolutions.com\/en\/wp-json\/wp\/v2\/pages"}],"about":[{"href":"https:\/\/icosolutions.com\/en\/wp-json\/wp\/v2\/types\/page"}],"author":[{"embeddable":true,"href":"https:\/\/icosolutions.com\/en\/wp-json\/wp\/v2\/users\/1"}],"replies":[{"embeddable":true,"href":"https:\/\/icosolutions.com\/en\/wp-json\/wp\/v2\/comments?post=1017"}],"version-history":[{"count":5,"href":"https:\/\/icosolutions.com\/en\/wp-json\/wp\/v2\/pages\/1017\/revisions"}],"predecessor-version":[{"id":2211,"href":"https:\/\/icosolutions.com\/en\/wp-json\/wp\/v2\/pages\/1017\/revisions\/2211"}],"wp:featuredmedia":[{"embeddable":true,"href":"https:\/\/icosolutions.com\/en\/wp-json\/wp\/v2\/media\/1836"}],"wp:attachment":[{"href":"https:\/\/icosolutions.com\/en\/wp-json\/wp\/v2\/media?parent=1017"}],"curies":[{"name":"wp","href":"https:\/\/api.w.org\/{rel}","templated":true}]}}