{"id":1018,"date":"2018-08-15T17:05:44","date_gmt":"2018-08-15T15:05:44","guid":{"rendered":"https:\/\/icosolutions.com\/notre-approche\/"},"modified":"2018-11-06T11:15:40","modified_gmt":"2018-11-06T16:15:40","slug":"our-approach","status":"publish","type":"page","link":"https:\/\/icosolutions.com\/en\/our-approach\/","title":{"rendered":"Our approach"},"content":{"rendered":"<p>Comme chaque client est unique, chaque projet est unique. Cependant, tous nos clients ont un point en commun\u00a0: obtenir un produit et service de qualit\u00e9 avec des experts maitrisant leur sp\u00e9cialit\u00e9. Nous avons donc cr\u00e9\u00e9 une approche commune qui s\u2019adapte \u00e0 tous nos projets.<\/p>\r\n<p>Nous optons pour une m\u00e9thodologie de gestion de projets adapt\u00e9e \u00e0 la taille du projet et au type d\u2019organisation.\u00a0 Nos gestionnaires de projet maitrisent les diff\u00e9rentes approches, que ce soit dans un mode plus traditionnel (waterfall) ou dans un mode agile (scrum).<\/p>\r\n<p>Nos experts, \u00e0 l\u2019origine du d\u00e9veloppement de nos solutions, ont implant\u00e9 ces logiciels \u00e0 plusieurs reprises et ma\u00eetrisent bien les diff\u00e9rents aspects de l\u2019implantation. Gr\u00e2ce \u00e0 notre plateforme, notre \u00e9quipe pourra rapidement personnaliser les liens et l\u2019\u00e9change de donn\u00e9es avec vos syst\u00e8mes, selon vos sp\u00e9cifications.\u00a0<\/p>\r\n<p>\u00c9tapes d\u2019implantations\u00a0:<\/p>\r\n<ul>\r\n\t<li style=\"list-style-type: none;\">\r\n<ul>\r\n\t<li>\u00c9tape 1 : Rencontre de d\u00e9marrage<\/li>\r\n\t<li>\u00c9tape 2 : Planification du projet<\/li>\r\n\t<li>\u00c9tape 3 : Analyse et conception<\/li>\r\n\t<li>\u00c9tape 4 : Configuration et personnalisation de la solution<\/li>\r\n\t<li>\u00c9tape 5 : Essais op\u00e9rationnels, techniques et acceptation<\/li>\r\n\t<li>\u00c9tape 6 : Projet Pilote<\/li>\r\n\t<li>\u00c9tape 7 : Implantation de la solution<\/li>\r\n\t<li>\u00c9tape 8 : Bilan de projet<\/li>\r\n<\/ul>\r\n<\/li>\r\n<\/ul>\r\n<p><u>WORKFLOW<\/u><u><\/u><\/p>\r\n<p>D\u00e9mo \u25ba Prise de besoins \u25ba Ventes \u25ba Contrat \u25baPlanification et r\u00e9alisation du d\u00e9veloppement et des op\u00e9rations \u25baProcessus de r\u00e9alisation du d\u00e9veloppement et des op\u00e9rations \u25ba V\u00e9rification de la qualit\u00e9 \u25baLivraison \u25ba Centre d\u2019assistance<\/p>","protected":false},"excerpt":{"rendered":"<p>Comme chaque client est unique, chaque projet est unique. Cependant, tous nos clients ont un point en commun\u00a0: obtenir un produit et service de qualit\u00e9 avec des experts maitrisant leur sp\u00e9cialit\u00e9. Nous avons donc cr\u00e9\u00e9 une approche commune qui s\u2019adapte \u00e0 tous nos projets. Nous optons pour une m\u00e9thodologie de gestion de projets adapt\u00e9e \u00e0 [&hellip;]<\/p>\n","protected":false},"author":1,"featured_media":697,"parent":0,"menu_order":0,"comment_status":"closed","ping_status":"closed","template":"template_zones.php","meta":{"_acf_changed":false,"footnotes":""},"class_list":["post-1018","page","type-page","status-publish","has-post-thumbnail","hentry"],"acf":[],"yoast_head":"<!-- This site is optimized with the Yoast SEO plugin v27.4 - https:\/\/yoast.com\/product\/yoast-seo-wordpress\/ -->\n<title>Our approach - ICO Technologies<\/title>\n<meta name=\"description\" content=\"We implement project management methodology that is adapted to the scale of your project and appropriate to the nature of your organization. - Contact-us!\" \/>\n<meta name=\"robots\" content=\"index, follow, max-snippet:-1, max-image-preview:large, max-video-preview:-1\" \/>\n<link rel=\"canonical\" href=\"https:\/\/icosolutions.com\/en\/our-approach\/\" \/>\n<meta property=\"og:locale\" content=\"en_US\" \/>\n<meta property=\"og:type\" content=\"article\" \/>\n<meta property=\"og:title\" content=\"Our approach - ICO Technologies\" \/>\n<meta property=\"og:description\" content=\"We implement project management methodology that is adapted to the scale of your project and appropriate to the nature of your organization. - Contact-us!\" \/>\n<meta property=\"og:url\" content=\"https:\/\/icosolutions.com\/en\/our-approach\/\" \/>\n<meta property=\"og:site_name\" content=\"ICO Technologies inc.\" \/>\n<meta property=\"article:modified_time\" content=\"2018-11-06T16:15:40+00:00\" \/>\n<meta property=\"og:image\" content=\"https:\/\/icosolutions.com\/wp-content\/uploads\/2018\/08\/approche-2.jpg\" \/>\n\t<meta property=\"og:image:width\" content=\"2000\" \/>\n\t<meta property=\"og:image:height\" content=\"705\" \/>\n\t<meta property=\"og:image:type\" content=\"image\/jpeg\" \/>\n<meta name=\"twitter:card\" content=\"summary_large_image\" \/>\n<meta name=\"twitter:label1\" content=\"Est. reading time\" \/>\n\t<meta name=\"twitter:data1\" content=\"1 minute\" \/>\n<script type=\"application\/ld+json\" class=\"yoast-schema-graph\">{\"@context\":\"https:\\\/\\\/schema.org\",\"@graph\":[{\"@type\":\"WebPage\",\"@id\":\"https:\\\/\\\/icosolutions.com\\\/en\\\/our-approach\\\/\",\"url\":\"https:\\\/\\\/icosolutions.com\\\/en\\\/our-approach\\\/\",\"name\":\"Our approach - ICO Technologies\",\"isPartOf\":{\"@id\":\"https:\\\/\\\/icosolutions.com\\\/#website\"},\"primaryImageOfPage\":{\"@id\":\"https:\\\/\\\/icosolutions.com\\\/en\\\/our-approach\\\/#primaryimage\"},\"image\":{\"@id\":\"https:\\\/\\\/icosolutions.com\\\/en\\\/our-approach\\\/#primaryimage\"},\"thumbnailUrl\":\"https:\\\/\\\/icosolutions.com\\\/wp-content\\\/uploads\\\/2018\\\/08\\\/approche-2.jpg\",\"datePublished\":\"2018-08-15T15:05:44+00:00\",\"dateModified\":\"2018-11-06T16:15:40+00:00\",\"description\":\"We implement project management methodology that is adapted to the scale of your project and appropriate to the nature of your organization. - Contact-us!\",\"breadcrumb\":{\"@id\":\"https:\\\/\\\/icosolutions.com\\\/en\\\/our-approach\\\/#breadcrumb\"},\"inLanguage\":\"en-US\",\"potentialAction\":[{\"@type\":\"ReadAction\",\"target\":[\"https:\\\/\\\/icosolutions.com\\\/en\\\/our-approach\\\/\"]}]},{\"@type\":\"ImageObject\",\"inLanguage\":\"en-US\",\"@id\":\"https:\\\/\\\/icosolutions.com\\\/en\\\/our-approach\\\/#primaryimage\",\"url\":\"https:\\\/\\\/icosolutions.com\\\/wp-content\\\/uploads\\\/2018\\\/08\\\/approche-2.jpg\",\"contentUrl\":\"https:\\\/\\\/icosolutions.com\\\/wp-content\\\/uploads\\\/2018\\\/08\\\/approche-2.jpg\",\"width\":2000,\"height\":705,\"caption\":\"L'approche ICO\"},{\"@type\":\"BreadcrumbList\",\"@id\":\"https:\\\/\\\/icosolutions.com\\\/en\\\/our-approach\\\/#breadcrumb\",\"itemListElement\":[{\"@type\":\"ListItem\",\"position\":1,\"name\":\"Accueil\",\"item\":\"https:\\\/\\\/icosolutions.com\\\/en\\\/\"},{\"@type\":\"ListItem\",\"position\":2,\"name\":\"Our approach\"}]},{\"@type\":\"WebSite\",\"@id\":\"https:\\\/\\\/icosolutions.com\\\/#website\",\"url\":\"https:\\\/\\\/icosolutions.com\\\/\",\"name\":\"ICO Technologies inc.\",\"description\":\"Un site utilisant WordPress\",\"potentialAction\":[{\"@type\":\"SearchAction\",\"target\":{\"@type\":\"EntryPoint\",\"urlTemplate\":\"https:\\\/\\\/icosolutions.com\\\/?s={search_term_string}\"},\"query-input\":{\"@type\":\"PropertyValueSpecification\",\"valueRequired\":true,\"valueName\":\"search_term_string\"}}],\"inLanguage\":\"en-US\"}]}<\/script>\n<!-- \/ Yoast SEO plugin. -->","yoast_head_json":{"title":"Our approach - ICO Technologies","description":"We implement project management methodology that is adapted to the scale of your project and appropriate to the nature of your organization. - Contact-us!","robots":{"index":"index","follow":"follow","max-snippet":"max-snippet:-1","max-image-preview":"max-image-preview:large","max-video-preview":"max-video-preview:-1"},"canonical":"https:\/\/icosolutions.com\/en\/our-approach\/","og_locale":"en_US","og_type":"article","og_title":"Our approach - ICO Technologies","og_description":"We implement project management methodology that is adapted to the scale of your project and appropriate to the nature of your organization. - Contact-us!","og_url":"https:\/\/icosolutions.com\/en\/our-approach\/","og_site_name":"ICO Technologies inc.","article_modified_time":"2018-11-06T16:15:40+00:00","og_image":[{"width":2000,"height":705,"url":"https:\/\/icosolutions.com\/wp-content\/uploads\/2018\/08\/approche-2.jpg","type":"image\/jpeg"}],"twitter_card":"summary_large_image","twitter_misc":{"Est. reading time":"1 minute"},"schema":{"@context":"https:\/\/schema.org","@graph":[{"@type":"WebPage","@id":"https:\/\/icosolutions.com\/en\/our-approach\/","url":"https:\/\/icosolutions.com\/en\/our-approach\/","name":"Our approach - ICO Technologies","isPartOf":{"@id":"https:\/\/icosolutions.com\/#website"},"primaryImageOfPage":{"@id":"https:\/\/icosolutions.com\/en\/our-approach\/#primaryimage"},"image":{"@id":"https:\/\/icosolutions.com\/en\/our-approach\/#primaryimage"},"thumbnailUrl":"https:\/\/icosolutions.com\/wp-content\/uploads\/2018\/08\/approche-2.jpg","datePublished":"2018-08-15T15:05:44+00:00","dateModified":"2018-11-06T16:15:40+00:00","description":"We implement project management methodology that is adapted to the scale of your project and appropriate to the nature of your organization. - Contact-us!","breadcrumb":{"@id":"https:\/\/icosolutions.com\/en\/our-approach\/#breadcrumb"},"inLanguage":"en-US","potentialAction":[{"@type":"ReadAction","target":["https:\/\/icosolutions.com\/en\/our-approach\/"]}]},{"@type":"ImageObject","inLanguage":"en-US","@id":"https:\/\/icosolutions.com\/en\/our-approach\/#primaryimage","url":"https:\/\/icosolutions.com\/wp-content\/uploads\/2018\/08\/approche-2.jpg","contentUrl":"https:\/\/icosolutions.com\/wp-content\/uploads\/2018\/08\/approche-2.jpg","width":2000,"height":705,"caption":"L'approche ICO"},{"@type":"BreadcrumbList","@id":"https:\/\/icosolutions.com\/en\/our-approach\/#breadcrumb","itemListElement":[{"@type":"ListItem","position":1,"name":"Accueil","item":"https:\/\/icosolutions.com\/en\/"},{"@type":"ListItem","position":2,"name":"Our approach"}]},{"@type":"WebSite","@id":"https:\/\/icosolutions.com\/#website","url":"https:\/\/icosolutions.com\/","name":"ICO Technologies inc.","description":"Un site utilisant WordPress","potentialAction":[{"@type":"SearchAction","target":{"@type":"EntryPoint","urlTemplate":"https:\/\/icosolutions.com\/?s={search_term_string}"},"query-input":{"@type":"PropertyValueSpecification","valueRequired":true,"valueName":"search_term_string"}}],"inLanguage":"en-US"}]}},"_links":{"self":[{"href":"https:\/\/icosolutions.com\/en\/wp-json\/wp\/v2\/pages\/1018","targetHints":{"allow":["GET"]}}],"collection":[{"href":"https:\/\/icosolutions.com\/en\/wp-json\/wp\/v2\/pages"}],"about":[{"href":"https:\/\/icosolutions.com\/en\/wp-json\/wp\/v2\/types\/page"}],"author":[{"embeddable":true,"href":"https:\/\/icosolutions.com\/en\/wp-json\/wp\/v2\/users\/1"}],"replies":[{"embeddable":true,"href":"https:\/\/icosolutions.com\/en\/wp-json\/wp\/v2\/comments?post=1018"}],"version-history":[{"count":5,"href":"https:\/\/icosolutions.com\/en\/wp-json\/wp\/v2\/pages\/1018\/revisions"}],"predecessor-version":[{"id":2217,"href":"https:\/\/icosolutions.com\/en\/wp-json\/wp\/v2\/pages\/1018\/revisions\/2217"}],"wp:featuredmedia":[{"embeddable":true,"href":"https:\/\/icosolutions.com\/en\/wp-json\/wp\/v2\/media\/697"}],"wp:attachment":[{"href":"https:\/\/icosolutions.com\/en\/wp-json\/wp\/v2\/media?parent=1018"}],"curies":[{"name":"wp","href":"https:\/\/api.w.org\/{rel}","templated":true}]}}